{"id":419,"date":"2022-11-04T12:41:44","date_gmt":"2022-11-04T12:41:44","guid":{"rendered":"http:\/\/ayiti.merithost50.com\/?page_id=419"},"modified":"2022-11-04T12:42:52","modified_gmt":"2022-11-04T12:42:52","slug":"become-an-investor","status":"publish","type":"page","link":"https:\/\/ayiti.merithost50.com\/fr\/become-an-investor\/","title":{"rendered":"Devenir Investisseur"},"content":{"rendered":"<p>Une fois que vous \u00eates membre, vous pouvez devenir un investisseur dans AKG en vous connectant \u00e0 votre compte membre et en cr\u00e9ant un compte d&rsquo;investissement. Une fois votre compte valid\u00e9, vous pouvez approvisionner votre compte d&rsquo;investissement. Vous \u00eates maintenant officiellement membre. Vous pouvez maintenant approvisionner votre compte pour investir sur ayitikapitalgroup.com en utilisant n&rsquo;importe quelle soci\u00e9t\u00e9 de carte de cr\u00e9dit majeure.<\/p>","protected":false},"excerpt":{"rendered":"<p>Une fois que vous \u00eates membre, vous pouvez devenir un investisseur dans AKG en vous connectant \u00e0 votre compte membre et en cr\u00e9ant un compte d&rsquo;investissement. Une fois votre compte valid\u00e9, vous [&hellip;]<\/p>\n","protected":false},"author":1,"featured_media":391,"parent":0,"menu_order":0,"comment_status":"closed","ping_status":"closed","template":"","meta":[],"acf":[],"_links":{"self":[{"href":"https:\/\/ayiti.merithost50.com\/fr\/wp-json\/wp\/v2\/pages\/419"}],"collection":[{"href":"https:\/\/ayiti.merithost50.com\/fr\/wp-json\/wp\/v2\/pages"}],"about":[{"href":"https:\/\/ayiti.merithost50.com\/fr\/wp-json\/wp\/v2\/types\/page"}],"author":[{"embeddable":true,"href":"https:\/\/ayiti.merithost50.com\/fr\/wp-json\/wp\/v2\/users\/1"}],"replies":[{"embeddable":true,"href":"https:\/\/ayiti.merithost50.com\/fr\/wp-json\/wp\/v2\/comments?post=419"}],"version-history":[{"count":2,"href":"https:\/\/ayiti.merithost50.com\/fr\/wp-json\/wp\/v2\/pages\/419\/revisions"}],"predecessor-version":[{"id":421,"href":"https:\/\/ayiti.merithost50.com\/fr\/wp-json\/wp\/v2\/pages\/419\/revisions\/421"}],"wp:featuredmedia":[{"embeddable":true,"href":"https:\/\/ayiti.merithost50.com\/fr\/wp-json\/wp\/v2\/media\/391"}],"wp:attachment":[{"href":"https:\/\/ayiti.merithost50.com\/fr\/wp-json\/wp\/v2\/media?parent=419"}],"curies":[{"name":"wp","href":"https:\/\/api.w.org\/{rel}","templated":true}]}}