{"id":417,"date":"2022-11-04T12:38:36","date_gmt":"2022-11-04T12:38:36","guid":{"rendered":"http:\/\/ayiti.merithost50.com\/?page_id=417"},"modified":"2022-11-04T12:39:13","modified_gmt":"2022-11-04T12:39:13","slug":"become-a-member","status":"publish","type":"page","link":"https:\/\/ayiti.merithost50.com\/fr\/become-a-member\/","title":{"rendered":"Devenir membre"},"content":{"rendered":"<p>Pour devenir membre d&rsquo;AKG, vous devez d&rsquo;abord vous inscrire et cr\u00e9er un compte membre. Une pi\u00e8ce d&rsquo;identit\u00e9 avec photo est requise \u00e0 des fins d&rsquo;authentification lors de la cr\u00e9ation de votre compte membre. Il peut s&rsquo;agir de votre passeport ou de toute pi\u00e8ce d&rsquo;identit\u00e9 officielle avec photo.<\/p>\n<p>1. Une fois votre compte valid\u00e9, vous \u00eates d\u00e9sormais membre<br \/>\n2. Connectez-vous. Confirmez les informations trouv\u00e9es sur votre compte<\/p>","protected":false},"excerpt":{"rendered":"<p>Pour devenir membre d&rsquo;AKG, vous devez d&rsquo;abord vous inscrire et cr\u00e9er un compte membre. Une pi\u00e8ce d&rsquo;identit\u00e9 avec photo est requise \u00e0 des fins d&rsquo;authentification lors de la cr\u00e9ation de votre compte [&hellip;]<\/p>\n","protected":false},"author":1,"featured_media":403,"parent":0,"menu_order":0,"comment_status":"closed","ping_status":"closed","template":"","meta":[],"acf":[],"_links":{"self":[{"href":"https:\/\/ayiti.merithost50.com\/fr\/wp-json\/wp\/v2\/pages\/417"}],"collection":[{"href":"https:\/\/ayiti.merithost50.com\/fr\/wp-json\/wp\/v2\/pages"}],"about":[{"href":"https:\/\/ayiti.merithost50.com\/fr\/wp-json\/wp\/v2\/types\/page"}],"author":[{"embeddable":true,"href":"https:\/\/ayiti.merithost50.com\/fr\/wp-json\/wp\/v2\/users\/1"}],"replies":[{"embeddable":true,"href":"https:\/\/ayiti.merithost50.com\/fr\/wp-json\/wp\/v2\/comments?post=417"}],"version-history":[{"count":1,"href":"https:\/\/ayiti.merithost50.com\/fr\/wp-json\/wp\/v2\/pages\/417\/revisions"}],"predecessor-version":[{"id":418,"href":"https:\/\/ayiti.merithost50.com\/fr\/wp-json\/wp\/v2\/pages\/417\/revisions\/418"}],"wp:featuredmedia":[{"embeddable":true,"href":"https:\/\/ayiti.merithost50.com\/fr\/wp-json\/wp\/v2\/media\/403"}],"wp:attachment":[{"href":"https:\/\/ayiti.merithost50.com\/fr\/wp-json\/wp\/v2\/media?parent=417"}],"curies":[{"name":"wp","href":"https:\/\/api.w.org\/{rel}","templated":true}]}}