{"id":414,"date":"2022-11-04T12:33:25","date_gmt":"2022-11-04T12:33:25","guid":{"rendered":"http:\/\/ayiti.merithost50.com\/?page_id=414"},"modified":"2022-11-04T12:36:33","modified_gmt":"2022-11-04T12:36:33","slug":"what-to-expect","status":"publish","type":"page","link":"https:\/\/ayiti.merithost50.com\/fr\/what-to-expect\/","title":{"rendered":"\u00c0 quoi s&rsquo;attendre"},"content":{"rendered":"<p>Lorsque vous investissez avec AKG, nos membres\/investisseurs ont la possibilit\u00e9 non seulement de poss\u00e9der l&rsquo;actif, mais aussi de travailler de mani\u00e8re dynamique \u00e0 leur succ\u00e8s en ajoutant une valeur significative au niveau de l&rsquo;actif, en cr\u00e9ant de nouvelles communaut\u00e9s et en cr\u00e9ant de nouveaux modes de vie pour eux-m\u00eames et leurs compatriotes.<\/p>\n<p>Les membres\/investisseurs auront un acc\u00e8s complet \u00e0 la base de donn\u00e9es financi\u00e8re de la soci\u00e9t\u00e9. Nous sommes fiers de nos rapports transparents, de notre revitalisation humaniste et de notre planification strat\u00e9gique.<\/p>\n<p>Votre argent sera investi dans un projet durable o\u00f9 vous serez notamment pay\u00e9 \u00e0 vie de mani\u00e8re importante. Peu importe le montant d&rsquo;argent que vous investissez; votre succ\u00e8s est une garantie; de la plateforme du groupe Ayiti Kapital est d&rsquo;une importance cruciale pour tous nos membres, et l&rsquo;acc\u00e8s \u00e0 la base de donn\u00e9es financi\u00e8re de l&rsquo;entreprise est tout aussi important. Le groupe Ayiti kapital rendra l&rsquo;investissement en Ha\u00efti tr\u00e8s facile pour tous les membres, quelles que soient leurs capacit\u00e9s techniques, d&rsquo;une mani\u00e8re majeure.<\/p>\n<p>Les membres du groupe Ayiti Kapital auront un acc\u00e8s 24h\/24 et 7j\/7 \u00e0 la plateforme. Nos membres auront un rapport quotidien accessible \u00e0 tous les membres au plus tard \u00e0 11 h le jour ouvrable suivant. Nous utiliserons une technologie de pointe pour une transparence \u00e0 100 %.<\/p>","protected":false},"excerpt":{"rendered":"<p>Lorsque vous investissez avec AKG, nos membres\/investisseurs ont la possibilit\u00e9 non seulement de poss\u00e9der l&rsquo;actif, mais aussi de travailler de mani\u00e8re dynamique \u00e0 leur succ\u00e8s en ajoutant une valeur significative au niveau [&hellip;]<\/p>\n","protected":false},"author":1,"featured_media":393,"parent":0,"menu_order":0,"comment_status":"closed","ping_status":"closed","template":"","meta":[],"acf":[],"_links":{"self":[{"href":"https:\/\/ayiti.merithost50.com\/fr\/wp-json\/wp\/v2\/pages\/414"}],"collection":[{"href":"https:\/\/ayiti.merithost50.com\/fr\/wp-json\/wp\/v2\/pages"}],"about":[{"href":"https:\/\/ayiti.merithost50.com\/fr\/wp-json\/wp\/v2\/types\/page"}],"author":[{"embeddable":true,"href":"https:\/\/ayiti.merithost50.com\/fr\/wp-json\/wp\/v2\/users\/1"}],"replies":[{"embeddable":true,"href":"https:\/\/ayiti.merithost50.com\/fr\/wp-json\/wp\/v2\/comments?post=414"}],"version-history":[{"count":2,"href":"https:\/\/ayiti.merithost50.com\/fr\/wp-json\/wp\/v2\/pages\/414\/revisions"}],"predecessor-version":[{"id":416,"href":"https:\/\/ayiti.merithost50.com\/fr\/wp-json\/wp\/v2\/pages\/414\/revisions\/416"}],"wp:featuredmedia":[{"embeddable":true,"href":"https:\/\/ayiti.merithost50.com\/fr\/wp-json\/wp\/v2\/media\/393"}],"wp:attachment":[{"href":"https:\/\/ayiti.merithost50.com\/fr\/wp-json\/wp\/v2\/media?parent=414"}],"curies":[{"name":"wp","href":"https:\/\/api.w.org\/{rel}","templated":true}]}}