{"id":381,"date":"2022-10-04T14:17:04","date_gmt":"2022-10-04T14:17:04","guid":{"rendered":"http:\/\/localhost\/ayiti\/?page_id=381"},"modified":"2022-11-04T12:10:14","modified_gmt":"2022-11-04T12:10:14","slug":"about-us","status":"publish","type":"page","link":"https:\/\/ayiti.merithost50.com\/fr\/about-us\/","title":{"rendered":"\u00c0 propos de nous"},"content":{"rendered":"<p><\/p>\n<h1>Quelque chose de diff\u00e9rent. Quelque chose de nouveau. Le groupe ayiti kapital.<\/h1>\n<p>La vision du groupe Ayiti kapital a toujours \u00e9t\u00e9 celle d&rsquo;une soci\u00e9t\u00e9 d&rsquo;investissement \u00e0 service complet ax\u00e9e uniquement sur le d\u00e9veloppement d&rsquo;Ha\u00efti. Nous pr\u00e9voyons de r\u00e9unir autant de citoyens ha\u00eftiens que possible pour participer \u00e0 un seul projet. Au profit de toute la communaut\u00e9 ha\u00eftienne. Les membres d\u00e9sireux de s&rsquo;immerger partiellement ou totalement dans l&rsquo;argent et de participer \u00e0 l&rsquo;\u00e9conomie du pays finiront par gagner beaucoup d&rsquo;argent en revenir pour un avenir meilleur.<br \/>\n<!--\n\n\n<ul>\n \n\n<li>Lorem ipsum dolor sit amet<\/li>\n\n\n \n\n<li>Il existe de nombreuses variantes<\/li>\n\n\n \n\n<li>A subi une alt\u00e9ration<\/li>\n\n\n \n\n<li>Lorem ipsum dolor sit amet<\/li>\n\n\n \n\n<li>Il existe de nombreuses variantes<\/li>\n\n\n \n\n<li>A subi une alt\u00e9ration<\/li>\n\n\n<\/ul>\n\n\n--><\/p>","protected":false},"excerpt":{"rendered":"<p>Quelque chose de diff\u00e9rent. Quelque chose de nouveau. Le groupe ayiti kapital. La vision du groupe Ayiti kapital a toujours \u00e9t\u00e9 celle d&rsquo;une soci\u00e9t\u00e9 d&rsquo;investissement \u00e0 service complet ax\u00e9e uniquement sur le [&hellip;]<\/p>\n","protected":false},"author":1,"featured_media":393,"parent":0,"menu_order":0,"comment_status":"closed","ping_status":"closed","template":"","meta":[],"acf":[],"_links":{"self":[{"href":"https:\/\/ayiti.merithost50.com\/fr\/wp-json\/wp\/v2\/pages\/381"}],"collection":[{"href":"https:\/\/ayiti.merithost50.com\/fr\/wp-json\/wp\/v2\/pages"}],"about":[{"href":"https:\/\/ayiti.merithost50.com\/fr\/wp-json\/wp\/v2\/types\/page"}],"author":[{"embeddable":true,"href":"https:\/\/ayiti.merithost50.com\/fr\/wp-json\/wp\/v2\/users\/1"}],"replies":[{"embeddable":true,"href":"https:\/\/ayiti.merithost50.com\/fr\/wp-json\/wp\/v2\/comments?post=381"}],"version-history":[{"count":5,"href":"https:\/\/ayiti.merithost50.com\/fr\/wp-json\/wp\/v2\/pages\/381\/revisions"}],"predecessor-version":[{"id":407,"href":"https:\/\/ayiti.merithost50.com\/fr\/wp-json\/wp\/v2\/pages\/381\/revisions\/407"}],"wp:featuredmedia":[{"embeddable":true,"href":"https:\/\/ayiti.merithost50.com\/fr\/wp-json\/wp\/v2\/media\/393"}],"wp:attachment":[{"href":"https:\/\/ayiti.merithost50.com\/fr\/wp-json\/wp\/v2\/media?parent=381"}],"curies":[{"name":"wp","href":"https:\/\/api.w.org\/{rel}","templated":true}]}}