{"id":11,"date":"2019-03-26T13:09:52","date_gmt":"2019-03-26T13:09:52","guid":{"rendered":"http:\/\/localhost\/nationalcar\/?page_id=11"},"modified":"2022-11-04T12:31:54","modified_gmt":"2022-11-04T12:31:54","slug":"inicio","status":"publish","type":"page","link":"https:\/\/ayiti.merithost50.com\/fr\/","title":{"rendered":"Accueil"},"content":{"rendered":"<p><\/p>\n<h1>Bienvenue au Ayiti Kapital Group<\/h1>\n<p>Notre passion est de vous aider \u00e0 r\u00e9ussir tout en construisant le plus grand r\u00e9seau d&rsquo;investisseurs d&rsquo;Ha\u00efti. Notre mission est de vous aider \u00e0 investir dans des projets r\u00e9els et durables, \u00e0 fournir des r\u00e9sultats \u00e0 long terme et \u00e0 garantir que tous les actifs et l&rsquo;argent (fonds) de tous les membres\/investisseurs sont couverts par une protection moderne garantissant des r\u00e9sultats \u00e0 long terme. (Ici \u00e0 Ayiti Kapital Group).<\/p>\n<ul>\n<li style=\"float:none; width: 100%;\">Nous nous engageons \u00e0 apporter de la valeur et de la transparence \u00e0 nos investisseurs, membres, r\u00e9sidents et communaut\u00e9s<\/li>\n<\/ul>\n<p><\/p>","protected":false},"excerpt":{"rendered":"<p>Bienvenue au Ayiti Kapital Group Notre passion est de vous aider \u00e0 r\u00e9ussir tout en construisant le plus grand r\u00e9seau d&rsquo;investisseurs d&rsquo;Ha\u00efti. Notre mission est de vous aider \u00e0 investir dans des [&hellip;]<\/p>\n","protected":false},"author":1,"featured_media":393,"parent":0,"menu_order":0,"comment_status":"closed","ping_status":"closed","template":"","meta":[],"acf":[],"_links":{"self":[{"href":"https:\/\/ayiti.merithost50.com\/fr\/wp-json\/wp\/v2\/pages\/11"}],"collection":[{"href":"https:\/\/ayiti.merithost50.com\/fr\/wp-json\/wp\/v2\/pages"}],"about":[{"href":"https:\/\/ayiti.merithost50.com\/fr\/wp-json\/wp\/v2\/types\/page"}],"author":[{"embeddable":true,"href":"https:\/\/ayiti.merithost50.com\/fr\/wp-json\/wp\/v2\/users\/1"}],"replies":[{"embeddable":true,"href":"https:\/\/ayiti.merithost50.com\/fr\/wp-json\/wp\/v2\/comments?post=11"}],"version-history":[{"count":19,"href":"https:\/\/ayiti.merithost50.com\/fr\/wp-json\/wp\/v2\/pages\/11\/revisions"}],"predecessor-version":[{"id":413,"href":"https:\/\/ayiti.merithost50.com\/fr\/wp-json\/wp\/v2\/pages\/11\/revisions\/413"}],"wp:featuredmedia":[{"embeddable":true,"href":"https:\/\/ayiti.merithost50.com\/fr\/wp-json\/wp\/v2\/media\/393"}],"wp:attachment":[{"href":"https:\/\/ayiti.merithost50.com\/fr\/wp-json\/wp\/v2\/media?parent=11"}],"curies":[{"name":"wp","href":"https:\/\/api.w.org\/{rel}","templated":true}]}}